{"id":71,"date":"2014-11-18T16:10:12","date_gmt":"2014-11-18T19:10:12","guid":{"rendered":"https:\/\/antigo.soscorpo.org\/?page_id=71"},"modified":"2014-11-18T16:16:20","modified_gmt":"2014-11-18T19:16:20","slug":"comunicacao","status":"publish","type":"page","link":"https:\/\/antigo.soscorpo.org\/?page_id=71","title":{"rendered":"Comunica\u00e7\u00e3o"},"content":{"rendered":"<p>A\u00e7\u00f5es de comunica\u00e7\u00e3o e de express\u00f5es art\u00edsticas inserem-se na metodologia como uma possibilidade de modificar o olhar sobre a realidade, produzindo tanto o sentimento do belo, quanto a indigna\u00e7\u00e3o contra as injusti\u00e7as.<\/p>\n<p>\u00c9 um modo de proceder que contribui para percep\u00e7\u00e3o dos problemas e eleva\u00e7\u00e3o da consci\u00eancia, mas que favorece tamb\u00e9m o encontro consigo mesma\/o, a elabora\u00e7\u00e3o sobre as possibilidades individuais e coletivas de mudan\u00e7as, ajudando a construir coletivamente elementos que expressem novos sentidos para a grupaliza\u00e7\u00e3o, a mobiliza\u00e7\u00e3o e a luta social.<\/p>\n<p>Estes sentidos podem vir a compor uma nova cultura de direitos, a serem exigidos, mas tamb\u00e9m vivenciados no cotidiano, como uma identidade coletiva centrada no pertencimento ao campo pol\u00edtico dos movimentos sociais, em especial ao feminismo.<\/p>\n","protected":false},"excerpt":{"rendered":"<p>A\u00e7\u00f5es de comunica\u00e7\u00e3o e de express\u00f5es art\u00edsticas inserem-se na metodologia como uma possibilidade de modificar o olhar sobre a realidade, [&hellip;]<\/p>\n","protected":false},"author":7,"featured_media":0,"parent":2,"menu_order":0,"comment_status":"closed","ping_status":"closed","template":"","meta":{"jetpack_post_was_ever_published":false,"footnotes":""},"class_list":["post-71","page","type-page","status-publish","hentry"],"jetpack_sharing_enabled":true,"jetpack_shortlink":"https:\/\/wp.me\/P5mcIC-19","jetpack-related-posts":[],"jetpack_likes_enabled":false,"_links":{"self":[{"href":"https:\/\/antigo.soscorpo.org\/index.php?rest_route=\/wp\/v2\/pages\/71","targetHints":{"allow":["GET"]}}],"collection":[{"href":"https:\/\/antigo.soscorpo.org\/index.php?rest_route=\/wp\/v2\/pages"}],"about":[{"href":"https:\/\/antigo.soscorpo.org\/index.php?rest_route=\/wp\/v2\/types\/page"}],"author":[{"embeddable":true,"href":"https:\/\/antigo.soscorpo.org\/index.php?rest_route=\/wp\/v2\/users\/7"}],"replies":[{"embeddable":true,"href":"https:\/\/antigo.soscorpo.org\/index.php?rest_route=%2Fwp%2Fv2%2Fcomments&post=71"}],"version-history":[{"count":1,"href":"https:\/\/antigo.soscorpo.org\/index.php?rest_route=\/wp\/v2\/pages\/71\/revisions"}],"predecessor-version":[{"id":72,"href":"https:\/\/antigo.soscorpo.org\/index.php?rest_route=\/wp\/v2\/pages\/71\/revisions\/72"}],"up":[{"embeddable":true,"href":"https:\/\/antigo.soscorpo.org\/index.php?rest_route=\/wp\/v2\/pages\/2"}],"wp:attachment":[{"href":"https:\/\/antigo.soscorpo.org\/index.php?rest_route=%2Fwp%2Fv2%2Fmedia&parent=71"}],"curies":[{"name":"wp","href":"https:\/\/api.w.org\/{rel}","templated":true}]}}