{"id":2,"date":"2014-11-17T15:16:49","date_gmt":"2014-11-17T18:16:49","guid":{"rendered":"https:\/\/antigo.soscorpo.org\/?page_id=2"},"modified":"2020-08-29T21:41:30","modified_gmt":"2020-08-30T00:41:30","slug":"areas-de-trabalho","status":"publish","type":"page","link":"https:\/\/antigo.soscorpo.org\/?page_id=2","title":{"rendered":"\u00c1reas de Trabalho"},"content":{"rendered":"<p>O SOS Corpo desenvolve v\u00e1rias pr\u00e1ticas de trabalho &#8211; a\u00e7\u00e3o educativa, pesquisa, comunica\u00e7\u00e3o e a\u00e7\u00e3o pol\u00edtica &#8211; que, juntas, conformam a base da interven\u00e7\u00e3o social. A produ\u00e7\u00e3o de conhecimento do Instituto \u00e9 resultante do conjunto de suas pr\u00e1ticas.<\/p>\n<p>Chamamos \u2018a\u00e7\u00e3o pol\u00edtica\u2019 tanto as a\u00e7\u00f5es pr\u00f3prias do Instituto nesta esfera como aquelas que acontecem a partir da sua participa\u00e7\u00e3o nas articula\u00e7\u00f5es de v\u00e1rios sujeitos para enfrentamento de problemas que s\u00e3o de car\u00e1ter p\u00fablico e visam galgar maior for\u00e7a pol\u00edtica para o campo do Movimento Feminista. A participa\u00e7\u00e3o pol\u00edtica \u00e9 uma prerrogativa do trabalho institucional e a equipe de trabalhadoras est\u00e1 comprometida com isso.<\/p>\n<p>A participa\u00e7\u00e3o pol\u00edtica do SOS CORPO em articula\u00e7\u00f5es do movimento feminista e em outros movimentos sociais &#8211; compostos por homens e mulheres &#8211; se d\u00e1 a partir do v\u00ednculo com suas causas priorit\u00e1rias e desenvolve-se a partir de uma concep\u00e7\u00e3o de alian\u00e7as para o fortalecimento da sociedade civil organizada.<\/p>\n","protected":false},"excerpt":{"rendered":"<p>O SOS Corpo desenvolve v\u00e1rias pr\u00e1ticas de trabalho &#8211; a\u00e7\u00e3o educativa, pesquisa, comunica\u00e7\u00e3o e a\u00e7\u00e3o pol\u00edtica &#8211; que, juntas, conformam [&hellip;]<\/p>\n","protected":false},"author":3,"featured_media":0,"parent":12,"menu_order":2,"comment_status":"closed","ping_status":"closed","template":"","meta":{"jetpack_post_was_ever_published":false,"footnotes":""},"class_list":["post-2","page","type-page","status-publish","hentry"],"jetpack_sharing_enabled":true,"jetpack_shortlink":"https:\/\/wp.me\/P5mcIC-2","jetpack-related-posts":[],"jetpack_likes_enabled":false,"_links":{"self":[{"href":"https:\/\/antigo.soscorpo.org\/index.php?rest_route=\/wp\/v2\/pages\/2","targetHints":{"allow":["GET"]}}],"collection":[{"href":"https:\/\/antigo.soscorpo.org\/index.php?rest_route=\/wp\/v2\/pages"}],"about":[{"href":"https:\/\/antigo.soscorpo.org\/index.php?rest_route=\/wp\/v2\/types\/page"}],"author":[{"embeddable":true,"href":"https:\/\/antigo.soscorpo.org\/index.php?rest_route=\/wp\/v2\/users\/3"}],"replies":[{"embeddable":true,"href":"https:\/\/antigo.soscorpo.org\/index.php?rest_route=%2Fwp%2Fv2%2Fcomments&post=2"}],"version-history":[{"count":2,"href":"https:\/\/antigo.soscorpo.org\/index.php?rest_route=\/wp\/v2\/pages\/2\/revisions"}],"predecessor-version":[{"id":41,"href":"https:\/\/antigo.soscorpo.org\/index.php?rest_route=\/wp\/v2\/pages\/2\/revisions\/41"}],"up":[{"embeddable":true,"href":"https:\/\/antigo.soscorpo.org\/index.php?rest_route=\/wp\/v2\/pages\/12"}],"wp:attachment":[{"href":"https:\/\/antigo.soscorpo.org\/index.php?rest_route=%2Fwp%2Fv2%2Fmedia&parent=2"}],"curies":[{"name":"wp","href":"https:\/\/api.w.org\/{rel}","templated":true}]}}