{"id":17397,"date":"2023-03-24T14:40:17","date_gmt":"2023-03-24T17:40:17","guid":{"rendered":"https:\/\/antigo.soscorpo.org\/?page_id=17397"},"modified":"2023-03-24T14:46:51","modified_gmt":"2023-03-24T17:46:51","slug":"politica-de-salvaguarda","status":"publish","type":"page","link":"https:\/\/antigo.soscorpo.org\/?page_id=17397","title":{"rendered":"Pol\u00edtica de salvaguarda"},"content":{"rendered":"\n<p><em><a href=\"https:\/\/antigo.soscorpo.org\/salvaguarda-diretrizes\" target=\"_blank\" rel=\"noreferrer noopener\">Diretrizes<\/a> <\/em>(em constru\u00e7\u00e3o)<\/p>\n\n\n\n<p><em><a href=\"https:\/\/antigo.soscorpo.org\/salvaguarda-formul\u00e1rios\" target=\"_blank\" rel=\"noreferrer noopener\">Formul\u00e1rios <\/a><\/em>(em constru\u00e7\u00e3o)<\/p>\n\n\n\n<p><strong>Fale conosco<\/strong><br \/>salvaguarda@soscorpo.org.br<\/p>\n","protected":false},"excerpt":{"rendered":"<p>Diretrizes (em constru\u00e7\u00e3o) Formul\u00e1rios (em constru\u00e7\u00e3o) Fale conoscosalvaguarda@soscorpo.org.br<\/p>\n","protected":false},"author":7,"featured_media":0,"parent":12,"menu_order":1,"comment_status":"closed","ping_status":"closed","template":"","meta":{"jetpack_post_was_ever_published":false,"footnotes":""},"class_list":["post-17397","page","type-page","status-publish","hentry"],"jetpack_sharing_enabled":true,"jetpack_shortlink":"https:\/\/wp.me\/P5mcIC-4wB","jetpack-related-posts":[],"jetpack_likes_enabled":false,"_links":{"self":[{"href":"https:\/\/antigo.soscorpo.org\/index.php?rest_route=\/wp\/v2\/pages\/17397","targetHints":{"allow":["GET"]}}],"collection":[{"href":"https:\/\/antigo.soscorpo.org\/index.php?rest_route=\/wp\/v2\/pages"}],"about":[{"href":"https:\/\/antigo.soscorpo.org\/index.php?rest_route=\/wp\/v2\/types\/page"}],"author":[{"embeddable":true,"href":"https:\/\/antigo.soscorpo.org\/index.php?rest_route=\/wp\/v2\/users\/7"}],"replies":[{"embeddable":true,"href":"https:\/\/antigo.soscorpo.org\/index.php?rest_route=%2Fwp%2Fv2%2Fcomments&post=17397"}],"version-history":[{"count":1,"href":"https:\/\/antigo.soscorpo.org\/index.php?rest_route=\/wp\/v2\/pages\/17397\/revisions"}],"predecessor-version":[{"id":17398,"href":"https:\/\/antigo.soscorpo.org\/index.php?rest_route=\/wp\/v2\/pages\/17397\/revisions\/17398"}],"up":[{"embeddable":true,"href":"https:\/\/antigo.soscorpo.org\/index.php?rest_route=\/wp\/v2\/pages\/12"}],"wp:attachment":[{"href":"https:\/\/antigo.soscorpo.org\/index.php?rest_route=%2Fwp%2Fv2%2Fmedia&parent=17397"}],"curies":[{"name":"wp","href":"https:\/\/api.w.org\/{rel}","templated":true}]}}