{"id":17046,"date":"2023-01-12T11:43:26","date_gmt":"2023-01-12T14:43:26","guid":{"rendered":"https:\/\/antigo.soscorpo.org\/?page_id=17046"},"modified":"2023-01-12T11:43:32","modified_gmt":"2023-01-12T14:43:32","slug":"lenira-carvalho","status":"publish","type":"page","link":"https:\/\/antigo.soscorpo.org\/?page_id=17046","title":{"rendered":"Lenira Carvalho"},"content":{"rendered":"\n<p><a href=\"https:\/\/antigo.soscorpo.org\/?page_id=16433(abrir em uma nova aba)\" data-type=\"URL\" data-id=\"https:\/\/antigo.soscorpo.org\/?page_id=16433(abrir em uma nova aba)\" target=\"_blank\" rel=\"noreferrer noopener\">P\u00e1gina em portugu\u00eas \ud83c\udde7\ud83c\uddf7<\/a><\/p>\n\n\n\n<h1 class=\"has-text-align-center has-black-color has-text-color has-large-font-size wp-block-heading\"><em>&#8211; Lenira Carvalho, presente!<\/em><\/h1>\n\n\n\n<h2 class=\"has-text-color has-background has-medium-font-size wp-block-heading\" style=\"color:#333333c7;background-color:#9b51e029;font-style:normal;font-weight:600\">\u201cLuchar\u00e9 y no puedo estar solo en esta lucha. Tengo que buscar m\u00e1s y m\u00e1s compa\u00f1eras. Eso es todo en lo que creo y por eso tengo la esperanza de que, un d\u00eda, ninguna chica del campo o de la ciudad, trabajadora dom\u00e9stica, comerciante o trabajadora de f\u00e1brica, tendr\u00e1 que llorar en busca de su propia dignidad\u201d<\/h2>\n\n\n\n<div class=\"wp-block-columns is-layout-flex wp-container-core-columns-is-layout-9d6595d7 wp-block-columns-is-layout-flex\">\n<div class=\"wp-block-column is-layout-flow wp-block-column-is-layout-flow\"><div class=\"wp-block-image\">\n<figure class=\"aligncenter size-medium\"><img data-recalc-dims=\"1\" loading=\"lazy\" decoding=\"async\" width=\"224\" height=\"300\" data-attachment-id=\"16435\" data-permalink=\"https:\/\/antigo.soscorpo.org\/?attachment_id=16435\" data-orig-file=\"https:\/\/i0.wp.com\/antigo.soscorpo.org\/wp-content\/uploads\/Filme-Digo-as-companheiras-que-aqui-estao-Cartaz.jpg?fit=1782%2C2384&amp;ssl=1\" data-orig-size=\"1782,2384\" data-comments-opened=\"1\" data-image-meta=\"{&quot;aperture&quot;:&quot;0&quot;,&quot;credit&quot;:&quot;&quot;,&quot;camera&quot;:&quot;&quot;,&quot;caption&quot;:&quot;&quot;,&quot;created_timestamp&quot;:&quot;0&quot;,&quot;copyright&quot;:&quot;&quot;,&quot;focal_length&quot;:&quot;0&quot;,&quot;iso&quot;:&quot;0&quot;,&quot;shutter_speed&quot;:&quot;0&quot;,&quot;title&quot;:&quot;&quot;,&quot;orientation&quot;:&quot;1&quot;}\" data-image-title=\"[Filme] Digo \u00e0s companheiras que aqui est\u00e3o &amp;#8211; Cartaz\" data-image-description=\"\" data-image-caption=\"\" data-medium-file=\"https:\/\/i0.wp.com\/antigo.soscorpo.org\/wp-content\/uploads\/Filme-Digo-as-companheiras-que-aqui-estao-Cartaz.jpg?fit=224%2C300&amp;ssl=1\" data-large-file=\"https:\/\/i0.wp.com\/antigo.soscorpo.org\/wp-content\/uploads\/Filme-Digo-as-companheiras-que-aqui-estao-Cartaz.jpg?fit=640%2C857&amp;ssl=1\" src=\"https:\/\/i0.wp.com\/antigo.soscorpo.org\/wp-content\/uploads\/Filme-Digo-as-companheiras-que-aqui-estao-Cartaz.jpg?resize=224%2C300&#038;ssl=1\" alt=\"\" class=\"wp-image-16435\" srcset=\"https:\/\/i0.wp.com\/antigo.soscorpo.org\/wp-content\/uploads\/Filme-Digo-as-companheiras-que-aqui-estao-Cartaz.jpg?resize=224%2C300&amp;ssl=1 224w, https:\/\/i0.wp.com\/antigo.soscorpo.org\/wp-content\/uploads\/Filme-Digo-as-companheiras-que-aqui-estao-Cartaz.jpg?resize=765%2C1024&amp;ssl=1 765w, https:\/\/i0.wp.com\/antigo.soscorpo.org\/wp-content\/uploads\/Filme-Digo-as-companheiras-que-aqui-estao-Cartaz.jpg?resize=768%2C1027&amp;ssl=1 768w, https:\/\/i0.wp.com\/antigo.soscorpo.org\/wp-content\/uploads\/Filme-Digo-as-companheiras-que-aqui-estao-Cartaz.jpg?resize=1148%2C1536&amp;ssl=1 1148w, https:\/\/i0.wp.com\/antigo.soscorpo.org\/wp-content\/uploads\/Filme-Digo-as-companheiras-que-aqui-estao-Cartaz.jpg?resize=1531%2C2048&amp;ssl=1 1531w, https:\/\/i0.wp.com\/antigo.soscorpo.org\/wp-content\/uploads\/Filme-Digo-as-companheiras-que-aqui-estao-Cartaz.jpg?w=1782&amp;ssl=1 1782w, https:\/\/i0.wp.com\/antigo.soscorpo.org\/wp-content\/uploads\/Filme-Digo-as-companheiras-que-aqui-estao-Cartaz.jpg?w=1280&amp;ssl=1 1280w\" sizes=\"auto, (max-width: 224px) 100vw, 224px\" \/><\/figure>\n<\/div>\n\n\n<h4 class=\"has-text-align-center wp-block-heading\">Les digo a las compa\u00f1eiras que aqu\u00ed est\u00e1n <br \/><strong><em>(subt\u00edtulos en espa\u00f1ol, franc\u00e9s y ingl\u00e9s)<\/em><\/strong><br \/><\/h4>\n\n\n\n<div class=\"wp-block-buttons is-layout-flex wp-block-buttons-is-layout-flex\">\n<div class=\"wp-block-button aligncenter\"><a class=\"wp-block-button__link has-vivid-purple-background-color has-background wp-element-button\" href=\"https:\/\/youtu.be\/xTzj3vMQFd0\" target=\"_blank\" rel=\"noreferrer noopener\">Ver pel\u00edcula<\/a><\/div>\n<\/div>\n<\/div>\n\n\n\n<div class=\"wp-block-column is-layout-flow wp-block-column-is-layout-flow\"><div class=\"wp-block-image\">\n<figure class=\"aligncenter size-medium\"><img data-recalc-dims=\"1\" loading=\"lazy\" decoding=\"async\" width=\"212\" height=\"300\" data-attachment-id=\"16450\" data-permalink=\"https:\/\/antigo.soscorpo.org\/?attachment_id=16450\" data-orig-file=\"https:\/\/i0.wp.com\/antigo.soscorpo.org\/wp-content\/uploads\/capa-livro.png?fit=1200%2C1700&amp;ssl=1\" data-orig-size=\"1200,1700\" data-comments-opened=\"1\" data-image-meta=\"{&quot;aperture&quot;:&quot;0&quot;,&quot;credit&quot;:&quot;&quot;,&quot;camera&quot;:&quot;&quot;,&quot;caption&quot;:&quot;&quot;,&quot;created_timestamp&quot;:&quot;0&quot;,&quot;copyright&quot;:&quot;&quot;,&quot;focal_length&quot;:&quot;0&quot;,&quot;iso&quot;:&quot;0&quot;,&quot;shutter_speed&quot;:&quot;0&quot;,&quot;title&quot;:&quot;&quot;,&quot;orientation&quot;:&quot;0&quot;}\" data-image-title=\"capa livro\" data-image-description=\"\" data-image-caption=\"\" data-medium-file=\"https:\/\/i0.wp.com\/antigo.soscorpo.org\/wp-content\/uploads\/capa-livro.png?fit=212%2C300&amp;ssl=1\" data-large-file=\"https:\/\/i0.wp.com\/antigo.soscorpo.org\/wp-content\/uploads\/capa-livro.png?fit=640%2C906&amp;ssl=1\" src=\"https:\/\/i0.wp.com\/antigo.soscorpo.org\/wp-content\/uploads\/capa-livro.png?resize=212%2C300&#038;ssl=1\" alt=\"\" class=\"wp-image-16450\" srcset=\"https:\/\/i0.wp.com\/antigo.soscorpo.org\/wp-content\/uploads\/capa-livro.png?resize=212%2C300&amp;ssl=1 212w, https:\/\/i0.wp.com\/antigo.soscorpo.org\/wp-content\/uploads\/capa-livro.png?resize=723%2C1024&amp;ssl=1 723w, https:\/\/i0.wp.com\/antigo.soscorpo.org\/wp-content\/uploads\/capa-livro.png?resize=768%2C1088&amp;ssl=1 768w, https:\/\/i0.wp.com\/antigo.soscorpo.org\/wp-content\/uploads\/capa-livro.png?resize=1084%2C1536&amp;ssl=1 1084w, https:\/\/i0.wp.com\/antigo.soscorpo.org\/wp-content\/uploads\/capa-livro.png?w=1200&amp;ssl=1 1200w\" sizes=\"auto, (max-width: 212px) 100vw, 212px\" \/><\/figure>\n<\/div>\n\n\n<h4 class=\"has-text-align-center wp-block-heading\">A luta que me fez crescer<br \/><strong><em>(en portugu\u00e9s)<\/em><\/strong><\/h4>\n\n\n\n<div class=\"wp-block-buttons is-layout-flex wp-block-buttons-is-layout-flex\">\n<div class=\"wp-block-button aligncenter is-style-fill\"><a class=\"wp-block-button__link has-vivid-purple-background-color has-background wp-element-button\" href=\"https:\/\/antigo.soscorpo.org\/wp-content\/uploads\/A-LUTA-QUE-ME-FEZ-CRESCER_web_1.pdf\">Descargar libro<\/a><\/div>\n<\/div>\n<\/div>\n<\/div>\n\n\n\n<p>Lenira Carvalho fue una importante l\u00edder de las trabajadoras dom\u00e9sticas en Brasil y una gran compa\u00f1era para nosotras de SOS Corpo.&nbsp;<\/p>\n\n\n\n<p>En la d\u00e9cada de 1960, inici\u00f3 la lucha por los derechos laborales de su categor\u00eda y, en la d\u00e9cada de 1970, fund\u00f3, con otras trabajadoras, la Associa\u00e7\u00e3o das Trabajadoras Dom\u00e9sticas de Recife, que se convertir\u00eda en el Sindicato de las Trabajadoras Dom\u00e9sticas de Recife, luego despu\u00e9s del reconocimiento de las trabajadoras dom\u00e9sticas como categor\u00eda profesional en la Constituci\u00f3n de 1988.<\/p>\n\n\n\n<p>Durante los a\u00f1os de la dictadura militar (1964-1985) y en el proceso de democratizaci\u00f3n del pa\u00eds, actu\u00f3 en la Juventud Obrera Cat\u00f3lica (JOC), junto a Dom Helder C\u00e2mara y otros l\u00edderes populares vinculados a la Teolog\u00eda de la Liberaci\u00f3n. Fue la dirigente que represent\u00f3 a las trabajadoras dom\u00e9sticas en la Asamblea Constituyente, hablando en el pleno y entregando la carta de las trabajadoras dom\u00e9sticas con sus reclamos.&nbsp;<\/p>\n\n\n\n<p>En la d\u00e9cada de 1980, tambi\u00e9n actu\u00f3 con otros grupos de mujeres y feministas en Recife, siendo una de las fundadoras del Foro de Mujeres de Pernambuco. Falleci\u00f3 el 3 de agosto de 2021, dejando un legado muy importante para la ciudad y para la lucha de las trabajadoras dom\u00e9sticas en Brasil.<\/p>\n\n\n\n<p>En 2022, SOS Corpo lanz\u00f3 el libro <em>A luta que me fez crescer e outras reflex\u00f5es<\/em>, que re\u00fane textos biogr\u00e1ficos y pensamientos de Lenira sobre el trabajo dom\u00e9stico, la organizaci\u00f3n de la categor\u00eda y la lucha por la democracia en Brasil. Junto a <a href=\"https:\/\/www.google.com\/url?q=https:\/\/cargocollective.com\/parabelofilmes&amp;sa=D&amp;source=docs&amp;ust=1673537423508992&amp;usg=AOvVaw2zQ07KmTg_kAq2PMp7y6kr\" target=\"_blank\" rel=\"noreferrer noopener\">Parabelo Filmes<\/a> lanzamos tambi\u00e9n el documental Les digo a las compa\u00f1eras que aqu\u00ed est\u00e1n, en el que Lenira narra su trayectoria en dos entrevistas realizadas pocos meses antes de su muerte.\u00a0<\/p>\n\n\n\n<p>La versi\u00f3n en portugu\u00e9s del documental cuenta con versiones con audiodescripci\u00f3n, traducci\u00f3n en libras y subt\u00edtulos descriptivos para sordos y personas con poca audici\u00f3n. Tambi\u00e9n est\u00e1 disponible con subt\u00edtulos en espa\u00f1ol, ingl\u00e9s y franc\u00e9s.<\/p>\n\n\n\n<h1 class=\"has-text-align-center wp-block-heading\">Assista o filme completo:<\/h1>\n\n\n\n<figure class=\"wp-block-embed aligncenter is-type-video is-provider-youtube wp-block-embed-youtube wp-embed-aspect-16-9 wp-has-aspect-ratio\"><div class=\"wp-block-embed__wrapper\">\n<div class=\"jetpack-video-wrapper\"><span class=\"embed-youtube\" style=\"text-align:center; display: block;\"><iframe loading=\"lazy\" class=\"youtube-player\" width=\"640\" height=\"360\" src=\"https:\/\/www.youtube.com\/embed\/xTzj3vMQFd0?version=3&#038;rel=1&#038;showsearch=0&#038;showinfo=1&#038;iv_load_policy=1&#038;fs=1&#038;hl=pt-BR&#038;autohide=2&#038;wmode=transparent\" allowfullscreen=\"true\" style=\"border:0;\" sandbox=\"allow-scripts allow-same-origin allow-popups allow-presentation allow-popups-to-escape-sandbox\"><\/iframe><\/span><\/div>\n<\/div><figcaption class=\"wp-element-caption\"><strong>Digo \u00e0s companheiras que aqui est\u00e3o<\/strong><br \/>Document\u00e1rio, 34 minutos<br \/><strong>Dire\u00e7\u00e3o<\/strong>: Sophia Branco e Lu\u00eds Henrique Leal<br \/><strong>Produ\u00e7\u00e3o<\/strong>: Parabelo Filmes e SOSCorpo (2022, 34&#8242;)<\/figcaption><\/figure>\n\n\n\n<h1 class=\"has-text-align-center wp-block-heading\">Assista o filme completo:<\/h1>\n\n\n<div class=\"wp-block-image\">\n<figure class=\"aligncenter size-large\"><img data-recalc-dims=\"1\" loading=\"lazy\" decoding=\"async\" width=\"640\" height=\"214\" data-attachment-id=\"16442\" data-permalink=\"https:\/\/antigo.soscorpo.org\/?attachment_id=16442\" data-orig-file=\"https:\/\/i0.wp.com\/antigo.soscorpo.org\/wp-content\/uploads\/agora-simmmmmm-grid-post-1.png?fit=1280%2C427&amp;ssl=1\" data-orig-size=\"1280,427\" data-comments-opened=\"1\" data-image-meta=\"{&quot;aperture&quot;:&quot;0&quot;,&quot;credit&quot;:&quot;&quot;,&quot;camera&quot;:&quot;&quot;,&quot;caption&quot;:&quot;&quot;,&quot;created_timestamp&quot;:&quot;0&quot;,&quot;copyright&quot;:&quot;&quot;,&quot;focal_length&quot;:&quot;0&quot;,&quot;iso&quot;:&quot;0&quot;,&quot;shutter_speed&quot;:&quot;0&quot;,&quot;title&quot;:&quot;&quot;,&quot;orientation&quot;:&quot;0&quot;}\" data-image-title=\"agora simmmmmm &amp;#8211; grid post\" data-image-description=\"\" data-image-caption=\"\" data-medium-file=\"https:\/\/i0.wp.com\/antigo.soscorpo.org\/wp-content\/uploads\/agora-simmmmmm-grid-post-1.png?fit=300%2C100&amp;ssl=1\" data-large-file=\"https:\/\/i0.wp.com\/antigo.soscorpo.org\/wp-content\/uploads\/agora-simmmmmm-grid-post-1.png?fit=640%2C214&amp;ssl=1\" src=\"https:\/\/i0.wp.com\/antigo.soscorpo.org\/wp-content\/uploads\/agora-simmmmmm-grid-post-1.png?resize=640%2C214&#038;ssl=1\" alt=\"\" class=\"wp-image-16442\" srcset=\"https:\/\/i0.wp.com\/antigo.soscorpo.org\/wp-content\/uploads\/agora-simmmmmm-grid-post-1.png?resize=1024%2C342&amp;ssl=1 1024w, https:\/\/i0.wp.com\/antigo.soscorpo.org\/wp-content\/uploads\/agora-simmmmmm-grid-post-1.png?resize=300%2C100&amp;ssl=1 300w, https:\/\/i0.wp.com\/antigo.soscorpo.org\/wp-content\/uploads\/agora-simmmmmm-grid-post-1.png?resize=768%2C256&amp;ssl=1 768w, https:\/\/i0.wp.com\/antigo.soscorpo.org\/wp-content\/uploads\/agora-simmmmmm-grid-post-1.png?w=1280&amp;ssl=1 1280w\" sizes=\"auto, (max-width: 640px) 100vw, 640px\" \/><figcaption class=\"wp-element-caption\">A luta me fez crescer<br \/><strong>Lenira Carvalho<\/strong><br \/><strong>Co-autora<\/strong>: Corn\u00e9lia Parisius<br \/><strong>Editoras<\/strong>: Carmen Silva e Sophia Branco<br \/><strong>Diagrama\u00e7\u00e3o<\/strong>: Isabella Alves<br \/><strong>Edi\u00e7\u00f5es SOSCorpo<\/strong><\/figcaption><\/figure>\n<\/div>\n\n\n<p><\/p>\n","protected":false},"excerpt":{"rendered":"<p>P\u00e1gina em portugu\u00eas \ud83c\udde7\ud83c\uddf7 &#8211; Lenira Carvalho, presente! \u201cLuchar\u00e9 y no puedo estar solo en esta lucha. Tengo que buscar [&hellip;]<\/p>\n","protected":false},"author":7,"featured_media":16445,"parent":16433,"menu_order":0,"comment_status":"open","ping_status":"closed","template":"","meta":{"jetpack_post_was_ever_published":false,"footnotes":""},"class_list":["post-17046","page","type-page","status-publish","has-post-thumbnail","hentry"],"jetpack_sharing_enabled":true,"jetpack_shortlink":"https:\/\/wp.me\/P5mcIC-4qW","jetpack-related-posts":[],"jetpack_likes_enabled":false,"_links":{"self":[{"href":"https:\/\/antigo.soscorpo.org\/index.php?rest_route=\/wp\/v2\/pages\/17046","targetHints":{"allow":["GET"]}}],"collection":[{"href":"https:\/\/antigo.soscorpo.org\/index.php?rest_route=\/wp\/v2\/pages"}],"about":[{"href":"https:\/\/antigo.soscorpo.org\/index.php?rest_route=\/wp\/v2\/types\/page"}],"author":[{"embeddable":true,"href":"https:\/\/antigo.soscorpo.org\/index.php?rest_route=\/wp\/v2\/users\/7"}],"replies":[{"embeddable":true,"href":"https:\/\/antigo.soscorpo.org\/index.php?rest_route=%2Fwp%2Fv2%2Fcomments&post=17046"}],"version-history":[{"count":1,"href":"https:\/\/antigo.soscorpo.org\/index.php?rest_route=\/wp\/v2\/pages\/17046\/revisions"}],"predecessor-version":[{"id":17050,"href":"https:\/\/antigo.soscorpo.org\/index.php?rest_route=\/wp\/v2\/pages\/17046\/revisions\/17050"}],"up":[{"embeddable":true,"href":"https:\/\/antigo.soscorpo.org\/index.php?rest_route=\/wp\/v2\/pages\/16433"}],"wp:featuredmedia":[{"embeddable":true,"href":"https:\/\/antigo.soscorpo.org\/index.php?rest_route=\/wp\/v2\/media\/16445"}],"wp:attachment":[{"href":"https:\/\/antigo.soscorpo.org\/index.php?rest_route=%2Fwp%2Fv2%2Fmedia&parent=17046"}],"curies":[{"name":"wp","href":"https:\/\/api.w.org\/{rel}","templated":true}]}}