{"id":16433,"date":"2022-08-03T19:00:16","date_gmt":"2022-08-03T22:00:16","guid":{"rendered":"https:\/\/antigo.soscorpo.org\/?page_id=16433"},"modified":"2023-01-12T11:43:51","modified_gmt":"2023-01-12T14:43:51","slug":"16433-2","status":"publish","type":"page","link":"https:\/\/antigo.soscorpo.org\/?page_id=16433","title":{"rendered":"Lenira Carvalho"},"content":{"rendered":"\n<p><a href=\"https:\/\/antigo.soscorpo.org\/?page_id=17046(abrir em uma nova aba)\" target=\"_blank\" rel=\"noreferrer noopener\">P\u00e1gina em espanhol \ud83c\uddea\ud83c\uddf8<\/a><\/p>\n\n\n\n<h1 class=\"has-text-align-center has-black-color has-text-color has-large-font-size wp-block-heading\">&#8211; <em>Lenira de Carvalho, presente!<\/em><\/h1>\n\n\n\n<h2 class=\"has-text-color has-background has-medium-font-size wp-block-heading\" style=\"color:#333333c7;background-color:#9b51e029;font-style:normal;font-weight:600\"><em>&#8220;Vou batalhar e n\u00e3o posso estar sozinha nesta luta. Tenho que procurar mais e mais parceiras. \u00c9 nisso tudo em que acredito e \u00e9 por isso que tenho a esperan\u00e7a de que, um dia, nenhuma mo\u00e7a do interior ou da cidade, empregada dom\u00e9stica, do com\u00e9rcio ou da f\u00e1brica, tenha que chorar em busca de sua pr\u00f3pria dignidade&#8221;<\/em><\/h2>\n\n\n\n<div class=\"wp-block-columns is-layout-flex wp-container-core-columns-is-layout-9d6595d7 wp-block-columns-is-layout-flex\">\n<div class=\"wp-block-column is-layout-flow wp-block-column-is-layout-flow\"><div class=\"wp-block-image\">\n<figure class=\"aligncenter size-medium\"><img data-recalc-dims=\"1\" loading=\"lazy\" decoding=\"async\" width=\"224\" height=\"300\" data-attachment-id=\"16435\" data-permalink=\"https:\/\/antigo.soscorpo.org\/?attachment_id=16435\" data-orig-file=\"https:\/\/i0.wp.com\/antigo.soscorpo.org\/wp-content\/uploads\/Filme-Digo-as-companheiras-que-aqui-estao-Cartaz.jpg?fit=1782%2C2384&amp;ssl=1\" data-orig-size=\"1782,2384\" data-comments-opened=\"1\" data-image-meta=\"{&quot;aperture&quot;:&quot;0&quot;,&quot;credit&quot;:&quot;&quot;,&quot;camera&quot;:&quot;&quot;,&quot;caption&quot;:&quot;&quot;,&quot;created_timestamp&quot;:&quot;0&quot;,&quot;copyright&quot;:&quot;&quot;,&quot;focal_length&quot;:&quot;0&quot;,&quot;iso&quot;:&quot;0&quot;,&quot;shutter_speed&quot;:&quot;0&quot;,&quot;title&quot;:&quot;&quot;,&quot;orientation&quot;:&quot;1&quot;}\" data-image-title=\"[Filme] Digo \u00e0s companheiras que aqui est\u00e3o &amp;#8211; Cartaz\" data-image-description=\"\" data-image-caption=\"\" data-medium-file=\"https:\/\/i0.wp.com\/antigo.soscorpo.org\/wp-content\/uploads\/Filme-Digo-as-companheiras-que-aqui-estao-Cartaz.jpg?fit=224%2C300&amp;ssl=1\" data-large-file=\"https:\/\/i0.wp.com\/antigo.soscorpo.org\/wp-content\/uploads\/Filme-Digo-as-companheiras-que-aqui-estao-Cartaz.jpg?fit=640%2C857&amp;ssl=1\" src=\"https:\/\/i0.wp.com\/antigo.soscorpo.org\/wp-content\/uploads\/Filme-Digo-as-companheiras-que-aqui-estao-Cartaz.jpg?resize=224%2C300&#038;ssl=1\" alt=\"\" class=\"wp-image-16435\" srcset=\"https:\/\/i0.wp.com\/antigo.soscorpo.org\/wp-content\/uploads\/Filme-Digo-as-companheiras-que-aqui-estao-Cartaz.jpg?resize=224%2C300&amp;ssl=1 224w, https:\/\/i0.wp.com\/antigo.soscorpo.org\/wp-content\/uploads\/Filme-Digo-as-companheiras-que-aqui-estao-Cartaz.jpg?resize=765%2C1024&amp;ssl=1 765w, https:\/\/i0.wp.com\/antigo.soscorpo.org\/wp-content\/uploads\/Filme-Digo-as-companheiras-que-aqui-estao-Cartaz.jpg?resize=768%2C1027&amp;ssl=1 768w, https:\/\/i0.wp.com\/antigo.soscorpo.org\/wp-content\/uploads\/Filme-Digo-as-companheiras-que-aqui-estao-Cartaz.jpg?resize=1148%2C1536&amp;ssl=1 1148w, https:\/\/i0.wp.com\/antigo.soscorpo.org\/wp-content\/uploads\/Filme-Digo-as-companheiras-que-aqui-estao-Cartaz.jpg?resize=1531%2C2048&amp;ssl=1 1531w, https:\/\/i0.wp.com\/antigo.soscorpo.org\/wp-content\/uploads\/Filme-Digo-as-companheiras-que-aqui-estao-Cartaz.jpg?w=1782&amp;ssl=1 1782w, https:\/\/i0.wp.com\/antigo.soscorpo.org\/wp-content\/uploads\/Filme-Digo-as-companheiras-que-aqui-estao-Cartaz.jpg?w=1280&amp;ssl=1 1280w\" sizes=\"auto, (max-width: 224px) 100vw, 224px\" \/><\/figure>\n<\/div>\n\n\n<h4 class=\"has-text-align-center wp-block-heading\">Digo \u00e0s companheiras que aqui est\u00e3o<\/h4>\n\n\n\n<div class=\"wp-block-buttons is-layout-flex wp-block-buttons-is-layout-flex\">\n<div class=\"wp-block-button aligncenter\"><a class=\"wp-block-button__link has-vivid-purple-background-color has-background wp-element-button\" href=\"https:\/\/youtu.be\/xTzj3vMQFd0\" target=\"_blank\" rel=\"noreferrer noopener\">Assistir Filme<\/a><\/div>\n<\/div>\n<\/div>\n\n\n\n<div class=\"wp-block-column is-layout-flow wp-block-column-is-layout-flow\"><div class=\"wp-block-image\">\n<figure class=\"aligncenter size-medium\"><img data-recalc-dims=\"1\" loading=\"lazy\" decoding=\"async\" width=\"212\" height=\"300\" data-attachment-id=\"16450\" data-permalink=\"https:\/\/antigo.soscorpo.org\/?attachment_id=16450\" data-orig-file=\"https:\/\/i0.wp.com\/antigo.soscorpo.org\/wp-content\/uploads\/capa-livro.png?fit=1200%2C1700&amp;ssl=1\" data-orig-size=\"1200,1700\" data-comments-opened=\"1\" data-image-meta=\"{&quot;aperture&quot;:&quot;0&quot;,&quot;credit&quot;:&quot;&quot;,&quot;camera&quot;:&quot;&quot;,&quot;caption&quot;:&quot;&quot;,&quot;created_timestamp&quot;:&quot;0&quot;,&quot;copyright&quot;:&quot;&quot;,&quot;focal_length&quot;:&quot;0&quot;,&quot;iso&quot;:&quot;0&quot;,&quot;shutter_speed&quot;:&quot;0&quot;,&quot;title&quot;:&quot;&quot;,&quot;orientation&quot;:&quot;0&quot;}\" data-image-title=\"capa livro\" data-image-description=\"\" data-image-caption=\"\" data-medium-file=\"https:\/\/i0.wp.com\/antigo.soscorpo.org\/wp-content\/uploads\/capa-livro.png?fit=212%2C300&amp;ssl=1\" data-large-file=\"https:\/\/i0.wp.com\/antigo.soscorpo.org\/wp-content\/uploads\/capa-livro.png?fit=640%2C906&amp;ssl=1\" src=\"https:\/\/i0.wp.com\/antigo.soscorpo.org\/wp-content\/uploads\/capa-livro.png?resize=212%2C300&#038;ssl=1\" alt=\"\" class=\"wp-image-16450\" srcset=\"https:\/\/i0.wp.com\/antigo.soscorpo.org\/wp-content\/uploads\/capa-livro.png?resize=212%2C300&amp;ssl=1 212w, https:\/\/i0.wp.com\/antigo.soscorpo.org\/wp-content\/uploads\/capa-livro.png?resize=723%2C1024&amp;ssl=1 723w, https:\/\/i0.wp.com\/antigo.soscorpo.org\/wp-content\/uploads\/capa-livro.png?resize=768%2C1088&amp;ssl=1 768w, https:\/\/i0.wp.com\/antigo.soscorpo.org\/wp-content\/uploads\/capa-livro.png?resize=1084%2C1536&amp;ssl=1 1084w, https:\/\/i0.wp.com\/antigo.soscorpo.org\/wp-content\/uploads\/capa-livro.png?w=1200&amp;ssl=1 1200w\" sizes=\"auto, (max-width: 212px) 100vw, 212px\" \/><\/figure>\n<\/div>\n\n\n<h4 class=\"has-text-align-center wp-block-heading\">A luta que me fez crescer<\/h4>\n\n\n\n<div class=\"wp-block-buttons is-layout-flex wp-block-buttons-is-layout-flex\">\n<div class=\"wp-block-button aligncenter is-style-fill\"><a class=\"wp-block-button__link has-vivid-purple-background-color has-background wp-element-button\" href=\"https:\/\/antigo.soscorpo.org\/wp-content\/uploads\/A-LUTA-QUE-ME-FEZ-CRESCER_web_1.pdf\">Baixar Livro<\/a><\/div>\n<\/div>\n\n\n\n<p><\/p>\n<\/div>\n<\/div>\n\n\n\n<p>Lenira Carvalho foi uma importante lideran\u00e7a das trabalhadoras dom\u00e9sticas no Brasil e uma grande companheira para n\u00f3s do SOS Corpo.&nbsp;<\/p>\n\n\n\n<p>Iniciou a luta por direitos trabalhistas da categoria ainda na d\u00e9cada de 1960. Nos anos 1970, fundou com outras trabalhadoras a Associa\u00e7\u00e3o das Trabalhadoras Dom\u00e9sticas do Recife, que se tornaria o Sindicato das Trabalhadoras Dom\u00e9sticas do Recife, ap\u00f3s reconhecimento das dom\u00e9sticas como categoria profissional na Constitui\u00e7\u00e3o de 1988.<\/p>\n\n\n\n<p>Durante os anos da ditadura militar e no processo de democratiza\u00e7\u00e3o do pa\u00eds, atuou na Juventude Oper\u00e1ria Cat\u00f3lica (JOC), junto a Dom Helder C\u00e2mara e outras lideran\u00e7as populares ligadas \u00e0 Teologia da Liberta\u00e7\u00e3o. Foi a lideran\u00e7a que representou as trabalhadoras dom\u00e9sticas na Constituinte, discursando em plen\u00e1rio e entregando a carta da categoria com suas reivindica\u00e7\u00f5es.&nbsp;<\/p>\n\n\n\n<p>Na d\u00e9cada de 1980, tamb\u00e9m atuou com outros grupos de mulheres e feministas no Recife, sendo uma das fundadoras do F\u00f3rum de Mulheres de Pernambuco. Faleceu no dia 03 de agosto de 2021 deixando um legado muito importante para a cidade e para a luta das trabalhadoras dom\u00e9sticas no pa\u00eds.<\/p>\n\n\n\n<p>Em 2022, o SOS Corpo lan\u00e7ou o livro A luta que me fez crescer e outras reflex\u00f5es, que re\u00fane textos biogr\u00e1ficos e pensamentos de Lenira sobre o trabalho dom\u00e9stico, a organiza\u00e7\u00e3o da categoria e a luta pela democracia no Brasil. Junto com a <strong><a href=\"https:\/\/www.google.com\/url?q=https:\/\/cargocollective.com\/parabelofilmes&amp;sa=D&amp;source=docs&amp;ust=1673537423508992&amp;usg=AOvVaw2zQ07KmTg_kAq2PMp7y6kr\" target=\"_blank\" rel=\"noreferrer noopener\">Parabelo Filmes<\/a><\/strong>, lan\u00e7amos tamb\u00e9m o document\u00e1rio Digo \u00e0s companheiras que aqui est\u00e3o, no qual Lenira narra a sua trajet\u00f3ria em duas entrevistas que foram realizadas poucos meses antes do seu falecimento.\u00a0<\/p>\n\n\n\n<p>O document\u00e1rio conta com vers\u00f5es com audiodescri\u00e7\u00e3o, libras e legenda descritiva para surdos e ensurdecidos. Est\u00e1 dispon\u00edvel tamb\u00e9m com legendas em espanhol, ingl\u00eas e franc\u00eas.<\/p>\n\n\n\n<h1 class=\"has-text-align-center wp-block-heading\">Assista o filme completo:<\/h1>\n\n\n\n<figure class=\"wp-block-embed is-type-video is-provider-youtube wp-block-embed-youtube wp-embed-aspect-16-9 wp-has-aspect-ratio\"><div class=\"wp-block-embed__wrapper\">\n<div class=\"jetpack-video-wrapper\"><span class=\"embed-youtube\" style=\"text-align:center; display: block;\"><iframe loading=\"lazy\" class=\"youtube-player\" width=\"640\" height=\"360\" src=\"https:\/\/www.youtube.com\/embed\/xTzj3vMQFd0?version=3&#038;rel=1&#038;showsearch=0&#038;showinfo=1&#038;iv_load_policy=1&#038;fs=1&#038;hl=pt-BR&#038;autohide=2&#038;wmode=transparent\" allowfullscreen=\"true\" style=\"border:0;\" sandbox=\"allow-scripts allow-same-origin allow-popups allow-presentation allow-popups-to-escape-sandbox\"><\/iframe><\/span><\/div>\n<\/div><figcaption class=\"wp-element-caption\"><strong>Digo \u00e0s companheiras que aqui est\u00e3o<\/strong><br \/>Document\u00e1rio, 34 minutos<br \/><strong>Dire\u00e7\u00e3o<\/strong>: Sophia Branco e Lu\u00eds Henrique Leal<br \/><strong>Produ\u00e7\u00e3o<\/strong>: Parabelo Filmes e SOSCorpo (2022, 34&#8242;)<\/figcaption><\/figure>\n\n\n\n<h1 class=\"has-text-align-center wp-block-heading\">Leia o livro:<\/h1>\n\n\n<div class=\"wp-block-image\">\n<figure class=\"aligncenter size-large\"><img data-recalc-dims=\"1\" loading=\"lazy\" decoding=\"async\" width=\"640\" height=\"214\" data-attachment-id=\"16442\" data-permalink=\"https:\/\/antigo.soscorpo.org\/?attachment_id=16442\" data-orig-file=\"https:\/\/i0.wp.com\/antigo.soscorpo.org\/wp-content\/uploads\/agora-simmmmmm-grid-post-1.png?fit=1280%2C427&amp;ssl=1\" data-orig-size=\"1280,427\" data-comments-opened=\"1\" data-image-meta=\"{&quot;aperture&quot;:&quot;0&quot;,&quot;credit&quot;:&quot;&quot;,&quot;camera&quot;:&quot;&quot;,&quot;caption&quot;:&quot;&quot;,&quot;created_timestamp&quot;:&quot;0&quot;,&quot;copyright&quot;:&quot;&quot;,&quot;focal_length&quot;:&quot;0&quot;,&quot;iso&quot;:&quot;0&quot;,&quot;shutter_speed&quot;:&quot;0&quot;,&quot;title&quot;:&quot;&quot;,&quot;orientation&quot;:&quot;0&quot;}\" data-image-title=\"agora simmmmmm &amp;#8211; grid post\" data-image-description=\"\" data-image-caption=\"\" data-medium-file=\"https:\/\/i0.wp.com\/antigo.soscorpo.org\/wp-content\/uploads\/agora-simmmmmm-grid-post-1.png?fit=300%2C100&amp;ssl=1\" data-large-file=\"https:\/\/i0.wp.com\/antigo.soscorpo.org\/wp-content\/uploads\/agora-simmmmmm-grid-post-1.png?fit=640%2C214&amp;ssl=1\" src=\"https:\/\/i0.wp.com\/antigo.soscorpo.org\/wp-content\/uploads\/agora-simmmmmm-grid-post-1.png?resize=640%2C214&#038;ssl=1\" alt=\"\" class=\"wp-image-16442\" srcset=\"https:\/\/i0.wp.com\/antigo.soscorpo.org\/wp-content\/uploads\/agora-simmmmmm-grid-post-1.png?resize=1024%2C342&amp;ssl=1 1024w, https:\/\/i0.wp.com\/antigo.soscorpo.org\/wp-content\/uploads\/agora-simmmmmm-grid-post-1.png?resize=300%2C100&amp;ssl=1 300w, https:\/\/i0.wp.com\/antigo.soscorpo.org\/wp-content\/uploads\/agora-simmmmmm-grid-post-1.png?resize=768%2C256&amp;ssl=1 768w, https:\/\/i0.wp.com\/antigo.soscorpo.org\/wp-content\/uploads\/agora-simmmmmm-grid-post-1.png?w=1280&amp;ssl=1 1280w\" sizes=\"auto, (max-width: 640px) 100vw, 640px\" \/><figcaption class=\"wp-element-caption\">A luta me fez crescer<br \/><strong>Lenira Carvalho<\/strong><br \/><strong>Co-autora<\/strong>: Corn\u00e9lia Parisius<br \/><strong>Editoras<\/strong>: Carmen Silva e Sophia Branco<br \/><strong>Diagrama\u00e7\u00e3o<\/strong>: Isabella Alves<br \/><strong>Edi\u00e7\u00f5es SOSCorpo<\/strong><\/figcaption><\/figure>\n<\/div>\n\n\n<p><\/p>\n","protected":false},"excerpt":{"rendered":"<p>P\u00e1gina em espanhol \ud83c\uddea\ud83c\uddf8 &#8211; Lenira de Carvalho, presente! &#8220;Vou batalhar e n\u00e3o posso estar sozinha nesta luta. Tenho que [&hellip;]<\/p>\n","protected":false},"author":7,"featured_media":16445,"parent":0,"menu_order":0,"comment_status":"open","ping_status":"closed","template":"","meta":{"jetpack_post_was_ever_published":false,"footnotes":""},"class_list":["post-16433","page","type-page","status-publish","has-post-thumbnail","hentry"],"jetpack_sharing_enabled":true,"jetpack_shortlink":"https:\/\/wp.me\/P5mcIC-4h3","jetpack-related-posts":[],"jetpack_likes_enabled":false,"_links":{"self":[{"href":"https:\/\/antigo.soscorpo.org\/index.php?rest_route=\/wp\/v2\/pages\/16433","targetHints":{"allow":["GET"]}}],"collection":[{"href":"https:\/\/antigo.soscorpo.org\/index.php?rest_route=\/wp\/v2\/pages"}],"about":[{"href":"https:\/\/antigo.soscorpo.org\/index.php?rest_route=\/wp\/v2\/types\/page"}],"author":[{"embeddable":true,"href":"https:\/\/antigo.soscorpo.org\/index.php?rest_route=\/wp\/v2\/users\/7"}],"replies":[{"embeddable":true,"href":"https:\/\/antigo.soscorpo.org\/index.php?rest_route=%2Fwp%2Fv2%2Fcomments&post=16433"}],"version-history":[{"count":17,"href":"https:\/\/antigo.soscorpo.org\/index.php?rest_route=\/wp\/v2\/pages\/16433\/revisions"}],"predecessor-version":[{"id":17052,"href":"https:\/\/antigo.soscorpo.org\/index.php?rest_route=\/wp\/v2\/pages\/16433\/revisions\/17052"}],"wp:featuredmedia":[{"embeddable":true,"href":"https:\/\/antigo.soscorpo.org\/index.php?rest_route=\/wp\/v2\/media\/16445"}],"wp:attachment":[{"href":"https:\/\/antigo.soscorpo.org\/index.php?rest_route=%2Fwp%2Fv2%2Fmedia&parent=16433"}],"curies":[{"name":"wp","href":"https:\/\/api.w.org\/{rel}","templated":true}]}}