{"id":13169,"date":"2020-12-11T10:59:38","date_gmt":"2020-12-11T13:59:38","guid":{"rendered":"https:\/\/antigo.soscorpo.org\/?page_id=13169"},"modified":"2022-08-25T17:44:00","modified_gmt":"2022-08-25T20:44:00","slug":"politica-de-privacidade","status":"publish","type":"page","link":"https:\/\/antigo.soscorpo.org\/?page_id=13169","title":{"rendered":"Pol\u00edtica de privacidade"},"content":{"rendered":"\n<p><em>Atualizada em 25 de agosto de 202<\/em>2<\/p>\n\n\n\n<h2 class=\"wp-block-heading\"><strong>Quem somos<\/strong><\/h2>\n\n\n\n<p>O SOS CORPO &#8211; Instituto Feminista para a Democracia atua em defesa dos direitos humanos, incluindo o direito \u00e0 comunica\u00e7\u00e3o, incluindo o acesso a uma internet livre, onde possamos nos expressar com liberdade, tendo nossos dados protegidos e nossa privacidade garantida. Exatamente porque a luta pela garantia da privacidade e da prote\u00e7\u00e3o de dados de todas e todos \u00e9 importante para n\u00f3s, abrimos este espa\u00e7o para dar transpar\u00eancia e informar a quem nos visita como coletamos e tratamos as suas informa\u00e7\u00f5es pessoais.<\/p>\n\n\n\n<p>O SOS Corpo n\u00e3o vende seus dados pessoais para terceiros. Entretanto utilizamos servi\u00e7os de terceiros para hospedar nosso site (WordPress), e-mail institucional (Google), atuar em redes sociais (Facebook, Youtube, Instagram e Twitter), enviar mensagens por telefone (WhatsApp) e enviar a newsletter (Jetpack). Por essa raz\u00e3o o compartilhamento dos seus dados com estes terceiros pode ser necess\u00e1rio. Deixamos claro que apenas os dados estritamente necess\u00e1rios para o funcionamento dos servi\u00e7os e ferramentas ser\u00e3o compartilhados.<\/p>\n\n\n\n<p>O endere\u00e7o do nosso site \u00e9:<strong> https:\/\/antigo.soscorpo.org<\/strong><\/p>\n\n\n\n<h2 class=\"wp-block-heading\"><strong>Que informa\u00e7\u00f5es coletamos e compartilhamos?<\/strong><\/h2>\n\n\n\n<p>Buscando seguir o princ\u00edpio da minimiza\u00e7\u00e3o da coleta de dados estabelecido na nossa Lei Geral de Prote\u00e7\u00e3o de Dados, o SOS CORPO coleta apenas as seguintes informa\u00e7\u00f5es, estritamente necess\u00e1rias para as referidas finalidades:<\/p>\n\n\n\n<h3 class=\"wp-block-heading\"><strong>\u2192 Coment\u00e1rios <\/strong><\/h3>\n\n\n\n<p>Quando os visitantes deixam coment\u00e1rios no site, coletamos os dados mostrados no formul\u00e1rio de coment\u00e1rios, al\u00e9m do endere\u00e7o de IP e de dados do navegador do visitante, para auxiliar na detec\u00e7\u00e3o de spam.<\/p>\n\n\n\n<p>Uma sequ\u00eancia anonimizada de caracteres criada a partir do seu e-mail (tamb\u00e9m chamada de hash) poder\u00e1 ser enviada para o Gravatar para verificar se voc\u00ea usa o servi\u00e7o. A pol\u00edtica de privacidade do Gravatar est\u00e1 dispon\u00edvel aqui: https:\/\/automattic.com\/privacy\/. Depois da aprova\u00e7\u00e3o do seu coment\u00e1rio, a foto do seu perfil fica vis\u00edvel publicamente junto de seu coment\u00e1rio.<\/p>\n\n\n\n<h3 class=\"wp-block-heading\"><strong>\u2192&nbsp; Contato<\/strong><\/h3>\n\n\n\n<p>Caso deseje nos enviar uma mensagem, na nossa aba CONTATO informamos o email para o qual devem ser endere\u00e7adas as mensagens. O nosso servidor de emails \u00e9 o RISEUP e a sua pol\u00edtica de privacidade descrita em portugu\u00easpode ser acessada aqui:<a href=\"https:\/\/email.uol.com.br\/paginas-de-ajuda\/sobre\/politica-de-privacidade.jhtm\"> <\/a><a href=\"https:\/\/riseup.net\/pt\/about-us\/policy\/privacy-policy\">https:\/\/riseup.net\/pt\/about-us\/policy\/privacy-policy<\/a><\/p>\n\n\n\n<h3 class=\"wp-block-heading\"><strong>\u2192 Formul\u00e1rio de contato<\/strong><\/h3>\n\n\n\n<p>Caso queria entrar em contato diretamente atrav\u00e9s do nosso site, um formul\u00e1rio de feedback pode ser encontrado na p\u00e1gina de contato. Solicitamos obrigatoriamente <strong>o seu nome e endere\u00e7o de e-mail, <\/strong>opcionalmente voc\u00ea pode n\u00f3s fornecer um telefone para contato.<strong> Ao enviar a mensagem, coletamos o seu endere\u00e7o de IP. <\/strong>&nbsp;Os spams s\u00e3o deletados mensalmente. Contatos de usu\u00e1rias(os), bem como seus dados (nome, email, telefone, IP e mensagem) podem ficar armazenados em nossos servidores (WordPress, Google, Maadix e servidores locais) por at\u00e9 5 anos, de acordo com a necessidade de continuidade do atendimento. Usamos essas informa\u00e7\u00f5es para comunicar com as pessoas que nos procuram. Essas informa\u00e7\u00f5es n\u00e3o s\u00e3o vendidas, doadas, analisadas ou usadas para fins de marketing.&nbsp;<\/p>\n\n\n\n<h3 class=\"wp-block-heading\"><strong>\u2192 Formul\u00e1rio de inscri\u00e7\u00e3o em newsletter<\/strong><\/h3>\n\n\n\n<p>Caso deseje assinar a nossa Newsletter, solicitamos <strong>o seu endere\u00e7o de e-mail<\/strong> para envio do conte\u00fado. Atualmente n\u00e3o h\u00e1 frequ\u00eancia definida para envio da newsletter. Ao se cadastrar com seu email, voc\u00ea receber\u00e1 uma mensagem sempre que uma nova postagem for atualizada no nosso site, tendo acesso a todo conte\u00fado que publicarmos, assim que ele for ao ar, diretamente no seu email. Utilizamos os servi\u00e7os Jetpack, cuja pol\u00edtica de privacidade pode ser encontrada (em ingl\u00eas) nesse endere\u00e7o: <a href=\"https:\/\/automattic.com\/privacy\/?site=soscorpo.org\">https:\/\/automattic.com\/privacy\/?site=soscorpo.org<\/a><\/p>\n\n\n\n<p>Caso queira deixar de receb\u00ea-la, vamos sentir sua falta, mas n\u00e3o tem problema: <a href=\"https:\/\/subscribe.wordpress.com\/\">\u00e9 s\u00f3 clicar aqui para gerenciar as suas inscri\u00e7\u00f5es n\u00e3o apenas no nosso, mas de qualquer site desenvolvido no WordPress!<\/a><\/p>\n\n\n\n<h3 class=\"wp-block-heading\"><strong>\u2192 Formul\u00e1rio de inscri\u00e7\u00e3o em lista de transmiss\u00e3o via WhatsApp<\/strong><\/h3>\n\n\n\n<p>Caso deseje receber as not\u00edcias do SOS CORPO no seu telefone pessoal, solicitamos <strong>o seu n\u00famero de telefone<\/strong> para envio do conte\u00fado. N\u00e3o temos frequ\u00eancia definida para disparo de mensagens. Utilizamos o servi\u00e7o WhatsApp, cuja conte\u00fado jur\u00eddico, entre ele a pol\u00edtica de privacidade, termos de servi\u00e7o e atualiza\u00e7\u00f5es importantes, podem ser encontrada nesse endere\u00e7o: <a href=\"https:\/\/www.whatsapp.com\/legal\/?lg=pt-BR\">https:\/\/www.whatsapp.com\/legal\/?lg=pt-BR<\/a>&nbsp;<\/p>\n\n\n\n<p>Caso queira deixar de receb\u00ea-la, vamos sentir sua falta mas n\u00e3o tem problema, <a href=\"https:\/\/whats.link\/soszapdescadastro\"><strong>\u00e9 s\u00f3 clicar aqui!&nbsp;<\/strong><\/a><\/p>\n\n\n\n<h3 class=\"wp-block-heading\"><strong>\u2192 Cookies<\/strong><\/h3>\n\n\n\n<p>Um cookie \u00e9 um pequeno texto enviado ao seu navegador por um site que voc\u00ea visita. Ele ajuda o website a se lembrar de informa\u00e7\u00f5es sobre a visita, como seu idioma preferido e outras configura\u00e7\u00f5es. Isso pode tornar sua pr\u00f3xima visita mais f\u00e1cil e o site mais \u00fatil para voc\u00ea. Os cookies desempenham um papel importante. Sem eles, usar a Web seria uma experi\u00eancia muito mais frustrante.<\/p>\n\n\n\n<p>Usamos cookies para muitas finalidades. N\u00f3s os usamos, por exemplo, para lembrar suas prefer\u00eancias de pesquisa segura, contar quantos visitantes recebemos em uma p\u00e1gina, ajudar voc\u00ea a se inscrever em nossos servi\u00e7os e mesmo proteger seus dados.<\/p>\n\n\n\n<p>Ao deixar um coment\u00e1rio no site, voc\u00ea poder\u00e1 optar por salvar seu nome, e-mail e site nos cookies. Isso visa seu conforto, assim voc\u00ea n\u00e3o precisar\u00e1 preencher seus dados novamente quando fizer outro coment\u00e1rio. Estes cookies duram um ano.<\/p>\n\n\n\n<p>Se voc\u00ea tem uma conta e acessa este site, um cookie tempor\u00e1rio ser\u00e1 criado para determinar se seu navegador aceita cookies. Ele n\u00e3o cont\u00e9m nenhum dado pessoal e ser\u00e1 descartado quando voc\u00ea fechar seu navegador.<\/p>\n\n\n\n<p>Quando voc\u00ea acessa sua conta no site, tamb\u00e9m criamos v\u00e1rios cookies para salvar os dados da sua conta e suas escolhas de exibi\u00e7\u00e3o de tela. Cookies de login s\u00e3o mantidos por dois dias e cookies de op\u00e7\u00f5es de tela por um ano. Se voc\u00ea selecionar &#8220;Lembrar-me&#8221;, seu acesso ser\u00e1 mantido por duas semanas. Se voc\u00ea se desconectar da sua conta, os cookies de login ser\u00e3o removidos.<\/p>\n\n\n\n<p>Se voc\u00ea editar ou publicar um artigo, um cookie adicional ser\u00e1 salvo no seu navegador. Este cookie n\u00e3o inclui nenhum dado pessoal e simplesmente indica o ID do post referente ao artigo que voc\u00ea acabou de editar. Ele expira depois de 1 dia.<\/p>\n\n\n\n<p>Al\u00e9m desses cookies, alguns cookies da Google est\u00e3o ativos neste site. O Google tem diferentes tipos de cookies, tais como an\u00e1lise, estado da sess\u00e3o, publicidade, processos, seguran\u00e7a e prefer\u00eancias. Em nosso site os cookies de publicidade n\u00e3o est\u00e3o ativos. Voc\u00ea pode ler uma explica\u00e7\u00e3o dos usos de cada um dos<a href=\"https:\/\/policies.google.com\/technologies\/cookies#types-of-cookies\"> tipos de cookies usados pela Google<\/a> e tamb\u00e9m saber como a Google e seus parceiros usam cookies na<a href=\"https:\/\/policies.google.com\/technologies\/ads\"> publicidade<\/a>. Consulte a pol\u00edtica de<a href=\"https:\/\/policies.google.com\/privacy\"> privacidade<\/a> para avaliar se o Google protege sua privacidade no uso de cookies e outras informa\u00e7\u00f5es.&nbsp;<\/p>\n\n\n\n<h3 class=\"wp-block-heading\"><strong>\u2192 M\u00eddia incorporada de outros sites<\/strong><\/h3>\n\n\n\n<p>Artigos neste site podem incluir conte\u00fado incorporado como, por exemplo, v\u00eddeos, imagens, artigos, etc. Conte\u00fados incorporados de outros sites se comportam exatamente da mesma forma como se o visitante estivesse visitando o outro site.<\/p>\n\n\n\n<p>Estes sites podem coletar dados sobre voc\u00ea, usar cookies, incorporar rastreamento adicional de terceiros e monitorar sua intera\u00e7\u00e3o com este conte\u00fado incorporado, incluindo sua intera\u00e7\u00e3o com o conte\u00fado incorporado se voc\u00ea tem uma conta e est\u00e1 conectado com o site.<\/p>\n\n\n\n<h3 class=\"wp-block-heading\"><strong>\u2192&nbsp; An\u00e1lises<\/strong><\/h3>\n\n\n\n<p>As visitas ao nosso site s\u00e3o monitoradas por plugins de estat\u00edsticas que nos permitem entender que postagens est\u00e3o sendo mais visualizadas, quanto tempo cada usu\u00e1rio passa no site, quais p\u00e1ginas acessa e porque palavras-chaves nos encontrou. Coletamos tamb\u00e9m dados sobre a localiza\u00e7\u00e3o de cada visitante, o sistema operacional e plataforma utilizada quando acessado o site. Essas informa\u00e7\u00f5es ficam armazenadas nos servi\u00e7os de an\u00e1lise de tr\u00e1fego usados neste site, que s\u00e3o o Google Search Console e Google Analytics, cuja pol\u00edtica de privacidade pode ser encontrada em detalhes <a href=\"https:\/\/policies.google.com\/privacy?hl=en\">neste link aqui<\/a>.&nbsp;<\/p>\n\n\n\n<h2 class=\"wp-block-heading\"><strong>Posso excluir meus dados?<\/strong><\/h2>\n\n\n\n<p>Caso voc\u00ea queira excluir seus dados, recomendamos acessar diretamente os servi\u00e7os que descrevemos aqui, atrav\u00e9s das plataformas pr\u00f3prias. No caso dos cookies do nosso site,<a href=\"https:\/\/tecnoblog.net\/234837\/apagar-limpar-cookies-chrome-safari\/\"> \u00e9 poss\u00edvel exclu\u00ed-los diretamente do seu navegador<\/a> ou do seu dispositivo, computador ou celular. Assim voc\u00ea pode ter controle sobre o acesso de terceiro \u00e0s suas informa\u00e7\u00f5es. Voc\u00ea tamb\u00e9m pode usar navegadores an\u00f4nimos para acessar este site, tais como o <a href=\"https:\/\/www.torproject.org\/download\/\">Tor Browser<\/a><\/p>\n\n\n\n<h2 class=\"wp-block-heading\"><strong>Redes Sociais<\/strong><\/h2>\n\n\n\n<p>N\u00f3s utilizamos as redes sociais Twitter, Facebook, Youtube e Instagram para fins de divulga\u00e7\u00e3o de conte\u00fado, intera\u00e7\u00e3o, mobiliza\u00e7\u00e3o, forma\u00e7\u00e3o e para comunicar os seus seguidores a respeito de atividades.<\/p>\n\n\n\n<h2 class=\"wp-block-heading\"><strong>Encontros de Forma\u00e7\u00e3o Virtuais<\/strong><\/h2>\n\n\n\n<p>Seus dados pessoais s\u00e3o fundamentais para que o acesso aos nossos cursos seja realizado com seguran\u00e7a. Eles tamb\u00e9m s\u00e3o a garantia de que nosso plano de forma\u00e7\u00e3o&nbsp; atinja uma diversidade de mulheres. Por isso, solicitamos nos formul\u00e1rios: nome, email, faixa et\u00e1ria, localiza\u00e7\u00e3o e ra\u00e7a\/cor.&nbsp;<\/p>\n\n\n\n<p>Temos o compromisso com a privacidade e com a seguran\u00e7a das usu\u00e1rias durante todo o processo de encontros virtuais.&nbsp;<\/p>\n\n\n\n<p>As aulas podem acontecer em chamadas de videoconfer\u00eancia com uso de \u00e1udio, v\u00eddeo e texto. Neste caso, solicitamos consentimento para grava\u00e7\u00e3o no momento da abertura do curso e solicitamos tamb\u00e9m, que a confirma\u00e7\u00e3o de consentimento com esta pol\u00edtica de privacidade seja expressada no momento da inscri\u00e7\u00e3o;<\/p>\n\n\n\n<p>Seus dados pessoais s\u00e3o fundamentais para que o acesso aos seus cursos seja realizado com seguran\u00e7a, por isso, \u00e9 obrigat\u00f3ria a entrada na sala de forma\u00e7\u00e3o com as informa\u00e7\u00f5es de nome correspondentes com os dados informados no momento da inscri\u00e7\u00e3o;<\/p>\n\n\n\n<p>Compartilhamos os dados de imagem e som com as outras mulheres selecionadas para o curso, a fim de facilitar o entrosamento e a din\u00e2mica da aula, mas n\u00e3o h\u00e1 obrigatoriedade de engajar com a c\u00e2mera e\/ou microfone ligados e o compartilhamento dos dados de \u00e1udio e v\u00eddeo s\u00f3 ser\u00e3o realizadas caso a participante deseje participar do debate por estes meios, podendo fazer sua participa\u00e7\u00e3o tamb\u00e9m atrav\u00e9s de texto;&nbsp;<\/p>\n\n\n\n<p>Os dados cadastrais das participantes n\u00e3o s\u00e3o vendidos, trocados ou divulgados para terceiros. Apenas na ocasi\u00e3o de exig\u00eancia por auditoria de financiadores, apresentamos uma lista de participantes nos cursos;<\/p>\n\n\n\n<p>Al\u00e9m da educadora e das comunicadoras que d\u00e3o suporte t\u00e9cnico, as outras integrantes da equipe do SOS Corpo tamb\u00e9m podem vir a ter acesso aos registros das aulas, incluindo dados pessoais, imagem, som e texto;<\/p>\n\n\n\n<p>Utilizamos as plataformas Jitsi Meet, instalada num servidor pr\u00f3prio, e Google Meet.&nbsp;<\/p>\n\n\n\n<p>O Jitsi Meet utiliza c\u00f3digos de seguran\u00e7a de alto n\u00edvel para proteger as informa\u00e7\u00f5es que circulam atrav\u00e9s deste software. Este servi\u00e7o est\u00e1 instalado numa servidora ativista Maadix, localizada na Espanha. N\u00e3o armazenamos nenhuma informa\u00e7\u00e3o neste banco de dados, n\u00e3o coletamos nenhuma informa\u00e7\u00e3o ou dado pessoal atrav\u00e9s desta plataforma, instalada em nosso servidor.&nbsp;<\/p>\n\n\n\n<p>Contudo, sabe-se que nenhum sistema de seguran\u00e7a \u00e9 100% seguro. Deste modo, ainda que a plataforma Jitsi Meet e a servidora ativista Maadix sempre fa\u00e7a o poss\u00edvel para proteger suas informa\u00e7\u00f5es pessoais, n\u00e3o temos como garantir a absoluta seguran\u00e7a dos nossos servidores. \u00c9 poss\u00edvel ainda que os dados fornecidos por voc\u00ea sejam interceptados por terceiros ou mesmo por outras participantes do curso durante a transmiss\u00e3o. \u00c9 uma decis\u00e3o pessoal a utiliza\u00e7\u00e3o do servi\u00e7o e o engajamento em nossos cursos nessas condi\u00e7\u00f5es.<\/p>\n\n\n\n<p>J\u00e1 a plataforma Google Meet coleta uma s\u00e9rie de dados pessoais, que s\u00e3o usados para diversos fins, de acordo com a pol\u00edtica de privacidade do servi\u00e7o. Ao utilizar os servi\u00e7os de videoconfer\u00eancia oferecidos pela Google, por favor acesse a<a href=\"https:\/\/support.google.com\/legal\/answer\/3110420?hl=pt-BR\"> p\u00e1gina de Ajuda Jur\u00eddica do Google Meet<\/a> para solicitar altera\u00e7\u00f5es de conte\u00fado por motivos legais. Algumas<a href=\"https:\/\/meet.google.com\/#info\"> informa\u00e7\u00f5es do sistema e da conta<\/a> poder\u00e3o ser enviadas ao Google que as utiliza segundo a sua<a href=\"https:\/\/myaccount.google.com\/privacypolicy?hl=pt-BR\"> Pol\u00edtica de Privacidade<\/a> e seus <a href=\"https:\/\/www.google.com\/intl\/pt-BR\/policies\/terms\/\">Termos de Servi\u00e7o<\/a>.<\/p>\n\n\n\n<h2 class=\"wp-block-heading\"><strong>Encontros de Forma\u00e7\u00e3o Presenciais<\/strong><\/h2>\n\n\n\n<p>Seus dados pessoais s\u00e3o fundamentais para que o acesso aos nossos cursos seja realizado com seguran\u00e7a. Eles tamb\u00e9m s\u00e3o a garantia de que nosso plano de forma\u00e7\u00e3o&nbsp; atinja uma diversidade de mulheres. Por isso, solicitamos nos formul\u00e1rios: nome, email, faixa et\u00e1ria, localiza\u00e7\u00e3o e ra\u00e7a\/cor.&nbsp;<\/p>\n\n\n\n<p>Temos o compromisso com a privacidade e com a seguran\u00e7a das mulheres durante todo o processo de encontros virtuais. As aulas podem acontecer no espa\u00e7o f\u00edsico da sede do SOS Corpo, no espa\u00e7o de organiza\u00e7\u00f5es e\/ou movimentos parceiros, ou ainda em hot\u00e9is ou espa\u00e7os para atividades formativas.&nbsp;<\/p>\n\n\n\n<p>Seus dados pessoais s\u00e3o fundamentais para que o acesso aos seus cursos seja realizado com seguran\u00e7a, e s\u00e3o compartilhados com terceiros nos casos abaixo:<br \/>Ag\u00eancia de viagem Luzz Turismo, companhias a\u00e9reas, espa\u00e7o onde ser\u00e1 realizada a forma\u00e7\u00e3o, taxistas e motoristas parceiros que poder\u00e3o, em alguns casos, fazer o transporte das participantes.<br \/><br \/>Na ocasi\u00e3o de exig\u00eancia por auditoria de financiadores, apresentamos uma lista de participantes nos cursos. Os dados cadastrais das participantes n\u00e3o s\u00e3o trocados, comercializados ou divulgados. Dados de presen\u00e7a geram relat\u00f3rios anonimizados para relat\u00f3rios de financiadores.&nbsp;<\/p>\n\n\n\n<p>As grava\u00e7\u00f5es das aulas, debates, palestras, rodas de conversas, quando consentidas mediante autoriza\u00e7\u00e3o de uso de imagem e som, s\u00e3o editadas e publicadas na internet e nas redes sociais com a finalidade de ampliar a divulga\u00e7\u00e3o de conte\u00fados feministas.<\/p>\n\n\n\n<h2 class=\"wp-block-heading\"><strong>Altera\u00e7\u00f5es nos termos ser\u00e3o notificadas?<\/strong><\/h2>\n\n\n\n<p>O SOS Corpo poder\u00e1 alterar esta Pol\u00edtica a qualquer momento. No caso de uma altera\u00e7\u00e3o que n\u00e3o necessite da renova\u00e7\u00e3o do seu consentimento, sinalizaremos no in\u00edcio do documento a data da sua \u00faltima atualiza\u00e7\u00e3o. J\u00e1 no caso de altera\u00e7\u00f5es cuja sua ci\u00eancia e autoriza\u00e7\u00e3o s\u00e3o necess\u00e1rias, n\u00f3s o\/a informaremos previamente, a fim de garantir o seu consentimento.<\/p>\n","protected":false},"excerpt":{"rendered":"<p>Atualizada em 25 de agosto de 2022 Quem somos O SOS CORPO &#8211; Instituto Feminista para a Democracia atua em [&hellip;]<\/p>\n","protected":false},"author":7,"featured_media":0,"parent":0,"menu_order":0,"comment_status":"closed","ping_status":"closed","template":"","meta":{"jetpack_post_was_ever_published":false,"footnotes":""},"class_list":["post-13169","page","type-page","status-publish","hentry"],"jetpack_sharing_enabled":true,"jetpack_shortlink":"https:\/\/wp.me\/P5mcIC-3qp","jetpack-related-posts":[],"jetpack_likes_enabled":false,"_links":{"self":[{"href":"https:\/\/antigo.soscorpo.org\/index.php?rest_route=\/wp\/v2\/pages\/13169","targetHints":{"allow":["GET"]}}],"collection":[{"href":"https:\/\/antigo.soscorpo.org\/index.php?rest_route=\/wp\/v2\/pages"}],"about":[{"href":"https:\/\/antigo.soscorpo.org\/index.php?rest_route=\/wp\/v2\/types\/page"}],"author":[{"embeddable":true,"href":"https:\/\/antigo.soscorpo.org\/index.php?rest_route=\/wp\/v2\/users\/7"}],"replies":[{"embeddable":true,"href":"https:\/\/antigo.soscorpo.org\/index.php?rest_route=%2Fwp%2Fv2%2Fcomments&post=13169"}],"version-history":[{"count":4,"href":"https:\/\/antigo.soscorpo.org\/index.php?rest_route=\/wp\/v2\/pages\/13169\/revisions"}],"predecessor-version":[{"id":16509,"href":"https:\/\/antigo.soscorpo.org\/index.php?rest_route=\/wp\/v2\/pages\/13169\/revisions\/16509"}],"wp:attachment":[{"href":"https:\/\/antigo.soscorpo.org\/index.php?rest_route=%2Fwp%2Fv2%2Fmedia&parent=13169"}],"curies":[{"name":"wp","href":"https:\/\/api.w.org\/{rel}","templated":true}]}}