{"id":12,"date":"2014-11-17T16:11:56","date_gmt":"2014-11-17T19:11:56","guid":{"rendered":"https:\/\/antigo.soscorpo.org\/?page_id=12"},"modified":"2014-12-05T04:43:24","modified_gmt":"2014-12-05T07:43:24","slug":"quem-somos","status":"publish","type":"page","link":"https:\/\/antigo.soscorpo.org\/?page_id=12","title":{"rendered":"Quem Somos"},"content":{"rendered":"<p>O SOS CORPO &#8211; instituto Feminista para a Democracia \u00e9 uma organiza\u00e7\u00e3o da sociedade civil, aut\u00f4noma, sem fins lucrativos, fundada em 1981, com sede na cidade do Recife &#8211; Pernambuco, na regi\u00e3o Nordeste do Brasil.<\/p>\n<p>Visando a emancipa\u00e7\u00e3o das mulheres, prop\u00f5e-se a contribuir para a constru\u00e7\u00e3o de uma sociedade democr\u00e1tica e igualit\u00e1ria com justi\u00e7a socioambiental.<\/p>\n<p>A a\u00e7\u00e3o do SOS CORPO tem como fundamento a ideia de que os movimentos de mulheres, como movimentos sociais organizados que lutam pela transforma\u00e7\u00e3o social, s\u00e3o sujeitos pol\u00edticos que provocam mudan\u00e7as nas condi\u00e7\u00f5es de vida das mulheres em geral.<\/p>\n<p>Para o SOS CORPO, a luta contra a pobreza, o racismo e a homofobia s\u00e3o dimens\u00f5es fundamentais do feminismo da transforma\u00e7\u00e3o social para o enfrentamento do sistema capitalista e patriarcal, produtor de desigualdades e sofrimento humano.<\/p>\n","protected":false},"excerpt":{"rendered":"<p>O SOS CORPO &#8211; instituto Feminista para a Democracia \u00e9 uma organiza\u00e7\u00e3o da sociedade civil, aut\u00f4noma, sem fins lucrativos, fundada [&hellip;]<\/p>\n","protected":false},"author":3,"featured_media":0,"parent":0,"menu_order":0,"comment_status":"closed","ping_status":"closed","template":"","meta":{"jetpack_post_was_ever_published":false,"footnotes":""},"class_list":["post-12","page","type-page","status-publish","hentry"],"jetpack_sharing_enabled":true,"jetpack_shortlink":"https:\/\/wp.me\/P5mcIC-c","jetpack-related-posts":[],"jetpack_likes_enabled":false,"_links":{"self":[{"href":"https:\/\/antigo.soscorpo.org\/index.php?rest_route=\/wp\/v2\/pages\/12","targetHints":{"allow":["GET"]}}],"collection":[{"href":"https:\/\/antigo.soscorpo.org\/index.php?rest_route=\/wp\/v2\/pages"}],"about":[{"href":"https:\/\/antigo.soscorpo.org\/index.php?rest_route=\/wp\/v2\/types\/page"}],"author":[{"embeddable":true,"href":"https:\/\/antigo.soscorpo.org\/index.php?rest_route=\/wp\/v2\/users\/3"}],"replies":[{"embeddable":true,"href":"https:\/\/antigo.soscorpo.org\/index.php?rest_route=%2Fwp%2Fv2%2Fcomments&post=12"}],"version-history":[{"count":7,"href":"https:\/\/antigo.soscorpo.org\/index.php?rest_route=\/wp\/v2\/pages\/12\/revisions"}],"predecessor-version":[{"id":613,"href":"https:\/\/antigo.soscorpo.org\/index.php?rest_route=\/wp\/v2\/pages\/12\/revisions\/613"}],"wp:attachment":[{"href":"https:\/\/antigo.soscorpo.org\/index.php?rest_route=%2Fwp%2Fv2%2Fmedia&parent=12"}],"curies":[{"name":"wp","href":"https:\/\/api.w.org\/{rel}","templated":true}]}}