{"id":10,"date":"2014-11-17T16:10:47","date_gmt":"2014-11-17T19:10:47","guid":{"rendered":"https:\/\/antigo.soscorpo.org\/?page_id=10"},"modified":"2014-11-17T19:44:23","modified_gmt":"2014-11-17T22:44:23","slug":"educacao","status":"publish","type":"page","link":"https:\/\/antigo.soscorpo.org\/?page_id=10","title":{"rendered":"Educa\u00e7\u00e3o"},"content":{"rendered":"<p>A educa\u00e7\u00e3o feminista alimenta-se dos princ\u00edpios pedag\u00f3gicos fundantes da educa\u00e7\u00e3o popular freireana, dentre os quais se destaca a dialogicidade e o v\u00ednculo entre educa\u00e7\u00e3o e transforma\u00e7\u00e3o social; mas tamb\u00e9m a recria, na medida em que traz para o centro de sua pedagogia a id\u00e9ia de movimento feminista como sujeito pol\u00edtico, bem como a dimens\u00e3o da subjetividade como elemento central na constru\u00e7\u00e3o da identidade pessoal e coletiva.<\/p>\n<p>A a\u00e7\u00e3o educativa \u00e9 a base da nossa interven\u00e7\u00e3o social e \u00e9 compreendida como um meio de transforma\u00e7\u00e3o social. A educa\u00e7\u00e3o est\u00e1 voltada para a cidadania como constru\u00e7\u00e3o permanente, atrav\u00e9s de processos pedag\u00f3gicos sistem\u00e1ticos que cont\u00eam oficinas, cursos, semin\u00e1rios, mas tamb\u00e9m acompanhamento (assessoria) de a\u00e7\u00f5es e processos desencadeados pelos grupos e movimentos.<\/p>\n","protected":false},"excerpt":{"rendered":"<p>A educa\u00e7\u00e3o feminista alimenta-se dos princ\u00edpios pedag\u00f3gicos fundantes da educa\u00e7\u00e3o popular freireana, dentre os quais se destaca a dialogicidade e [&hellip;]<\/p>\n","protected":false},"author":3,"featured_media":0,"parent":2,"menu_order":1,"comment_status":"closed","ping_status":"closed","template":"","meta":{"jetpack_post_was_ever_published":false,"footnotes":""},"class_list":["post-10","page","type-page","status-publish","hentry"],"jetpack_sharing_enabled":true,"jetpack_shortlink":"https:\/\/wp.me\/P5mcIC-a","jetpack-related-posts":[],"jetpack_likes_enabled":false,"_links":{"self":[{"href":"https:\/\/antigo.soscorpo.org\/index.php?rest_route=\/wp\/v2\/pages\/10","targetHints":{"allow":["GET"]}}],"collection":[{"href":"https:\/\/antigo.soscorpo.org\/index.php?rest_route=\/wp\/v2\/pages"}],"about":[{"href":"https:\/\/antigo.soscorpo.org\/index.php?rest_route=\/wp\/v2\/types\/page"}],"author":[{"embeddable":true,"href":"https:\/\/antigo.soscorpo.org\/index.php?rest_route=\/wp\/v2\/users\/3"}],"replies":[{"embeddable":true,"href":"https:\/\/antigo.soscorpo.org\/index.php?rest_route=%2Fwp%2Fv2%2Fcomments&post=10"}],"version-history":[{"count":2,"href":"https:\/\/antigo.soscorpo.org\/index.php?rest_route=\/wp\/v2\/pages\/10\/revisions"}],"predecessor-version":[{"id":43,"href":"https:\/\/antigo.soscorpo.org\/index.php?rest_route=\/wp\/v2\/pages\/10\/revisions\/43"}],"up":[{"embeddable":true,"href":"https:\/\/antigo.soscorpo.org\/index.php?rest_route=\/wp\/v2\/pages\/2"}],"wp:attachment":[{"href":"https:\/\/antigo.soscorpo.org\/index.php?rest_route=%2Fwp%2Fv2%2Fmedia&parent=10"}],"curies":[{"name":"wp","href":"https:\/\/api.w.org\/{rel}","templated":true}]}}